{"id":1356,"date":"2024-12-02T15:13:11","date_gmt":"2024-12-02T13:13:11","guid":{"rendered":"https:\/\/use-less.fr\/?page_id=1356"},"modified":"2025-02-11T20:25:57","modified_gmt":"2025-02-11T18:25:57","slug":"a-propos-2","status":"publish","type":"page","link":"https:\/\/use-less.fr\/?page_id=1356","title":{"rendered":"A Propos V3"},"content":{"rendered":"\t\t<div data-elementor-type=\"wp-page\" data-elementor-id=\"1356\" class=\"elementor elementor-1356\" data-elementor-post-type=\"page\">\n\t\t\t\t<div class=\"elementor-element elementor-element-41e6528 e-flex e-con-boxed e-con e-parent\" data-id=\"41e6528\" data-element_type=\"container\" data-e-type=\"container\">\n\t\t\t\t\t<div class=\"e-con-inner\">\n\t\t<div class=\"elementor-element elementor-element-4e420b0 e-con-full e-flex e-con e-child\" data-id=\"4e420b0\" data-element_type=\"container\" data-e-type=\"container\">\n\t\t<div class=\"elementor-element elementor-element-7b5776e e-con-full e-flex e-con e-child\" data-id=\"7b5776e\" data-element_type=\"container\" data-e-type=\"container\" data-settings=\"{&quot;background_background&quot;:&quot;classic&quot;}\">\n\t\t\t\t<div class=\"elementor-element elementor-element-ba14851 elementor-widget elementor-widget-html\" data-id=\"ba14851\" data-element_type=\"widget\" data-e-type=\"widget\" data-widget_type=\"html.default\">\n\t\t\t\t<div class=\"elementor-widget-container\">\n\t\t\t\t\t<style>\n    .navbar {\n        display: flex;\n        flex-direction: row;\n        gap : 10px;\n    }\n    .home1 {\n        display: flex;\n        flex-direction: column;\n        align-items: center;\n    }\n    .circle1 {\n        width : 22px;\n        height: 22px;\n        border-radius: 50%;\n        background-color: #00EA00;\n        transition: transform 0.3s;\n    }\n    .circle1:hover {\n        transform: scale(1.1);\n    }\n    .home2 {\n        display: flex;\n        flex-direction: column;\n        align-items: center;\n    }\n    .circle2 {\n        width : 22px;\n        height: 22px;\n        border-radius: 50%;\n        background-color: #005CFF;\n        transition: transform 0.3s;\n    }\n    .circle2:hover {\n        transform: scale(1.1);\n    }\n    .home3 {\n        display: flex;\n        flex-direction: column;\n        align-items: center;\n    }\n    .circle3 {\n        width : 22px;\n        height: 22px;\n        border-radius: 50%;\n        background-color: #FFCE00;\n        transition: transform 0.3s;\n    }\n    .circle3:hover {\n        transform: scale(1.1);\n    }\n    .home4 {\n        display: flex;\n        flex-direction: column;\n        align-items: center;\n    }\n    .circle4 {\n        width : 22px;\n        height: 22px;\n        border-radius: 50%;\n        background-color: #FF0000;\n        transition: transform 0.3s;\n    }\n    .circle4:hover {\n        transform: scale(1.1);\n    }\n<\/style>\n<div class=\"navbar\">\n    <div class=\"home1\">\n        <a href=\"https:\/\/use-less.fr\/?page_id=95\">\n            <div class=\"circle1\"><\/div>\n        <\/a>\n    <\/div>\n    <div class=\"home2\">\n        <a href=\"https:\/\/use-less.fr\/?page_id=1356\">\n            <div class=\"circle2\"><\/div>\n        <\/a>\n    <\/div>\n    <div class=\"home3\">\n        <a href=\"https:\/\/use-less.fr\/?page_id=643\">\n            <div class=\"circle3\"><\/div>  \n        <\/a>\n    <\/div>\n    <div class=\"home4\">\n        <a href=\"https:\/\/use-less.fr\/?page_id=577\">\n            <div class=\"circle4\"><\/div>\n        <\/a>\n    <\/div>\n<\/div>\n    \t\t\t\t<\/div>\n\t\t\t\t<\/div>\n\t\t\t\t<\/div>\n\t\t\t\t<div class=\"elementor-element elementor-element-5dda573 elementor-widget elementor-widget-image\" data-id=\"5dda573\" data-element_type=\"widget\" data-e-type=\"widget\" data-widget_type=\"image.default\">\n\t\t\t\t<div class=\"elementor-widget-container\">\n\t\t\t\t\t\t\t\t\t\t\t\t\t\t\t\t<a href=\"https:\/\/use-less.fr\">\n\t\t\t\t\t\t\t<img decoding=\"async\" width=\"300\" height=\"100\" src=\"https:\/\/use-less.fr\/wp-content\/uploads\/2024\/08\/Logo-300x100.png\" class=\"attachment-medium size-medium wp-image-6\" alt=\"\" srcset=\"https:\/\/use-less.fr\/wp-content\/uploads\/2024\/08\/Logo-300x100.png 300w, https:\/\/use-less.fr\/wp-content\/uploads\/2024\/08\/Logo.png 709w\" sizes=\"(max-width: 300px) 100vw, 300px\" \/>\t\t\t\t\t\t\t\t<\/a>\n\t\t\t\t\t\t\t\t\t\t\t\t\t\t\t<\/div>\n\t\t\t\t<\/div>\n\t\t<div class=\"elementor-element elementor-element-8f7838d e-con-full e-flex e-con e-child\" data-id=\"8f7838d\" data-element_type=\"container\" data-e-type=\"container\">\n\t\t\t\t<div class=\"elementor-element elementor-element-e17afa6 toggle-icon--cart-medium elementor-menu-cart--items-indicator-bubble elementor-menu-cart--show-subtotal-yes elementor-menu-cart--cart-type-side-cart elementor-menu-cart--show-remove-button-yes elementor-widget elementor-widget-woocommerce-menu-cart\" data-id=\"e17afa6\" data-element_type=\"widget\" data-e-type=\"widget\" data-settings=\"{&quot;cart_type&quot;:&quot;side-cart&quot;,&quot;open_cart&quot;:&quot;click&quot;,&quot;automatically_open_cart&quot;:&quot;no&quot;}\" data-widget_type=\"woocommerce-menu-cart.default\">\n\t\t\t\t<div class=\"elementor-widget-container\">\n\t\t\t\t\t\t\t<div class=\"elementor-menu-cart__wrapper\">\n\t\t\t\t\t\t\t<div class=\"elementor-menu-cart__toggle_wrapper\">\n\t\t\t\t\t<div class=\"elementor-menu-cart__container elementor-lightbox\" aria-hidden=\"true\">\n\t\t\t\t\t\t<div class=\"elementor-menu-cart__main\" aria-hidden=\"true\">\n\t\t\t\t\t\t\t\t\t<div class=\"elementor-menu-cart__close-button\">\n\t\t\t\t\t<\/div>\n\t\t\t\t\t\t\t\t\t<div class=\"widget_shopping_cart_content\">\n\t\t\t\t\t\t\t\t\t\t\t\t\t\t\t<\/div>\n\t\t\t\t\t\t<\/div>\n\t\t\t\t\t<\/div>\n\t\t\t\t\t\t\t<div class=\"elementor-menu-cart__toggle elementor-button-wrapper\">\n\t\t\t<a id=\"elementor-menu-cart__toggle_button\" href=\"#\" class=\"elementor-menu-cart__toggle_button elementor-button elementor-size-sm\" aria-expanded=\"false\">\n\t\t\t\t<span class=\"elementor-button-text\"><span class=\"woocommerce-Price-amount amount\"><bdi>0,00&nbsp;<span class=\"woocommerce-Price-currencySymbol\">&euro;<\/span><\/bdi><\/span><\/span>\n\t\t\t\t<span class=\"elementor-button-icon\">\n\t\t\t\t\t<span class=\"elementor-button-icon-qty\" data-counter=\"0\">0<\/span>\n\t\t\t\t\t<svg class=\"e-font-icon-svg e-eicon-cart-medium\" viewBox=\"0 0 1000 1000\" xmlns=\"http:\/\/www.w3.org\/2000\/svg\"><path d=\"M740 854C740 883 763 906 792 906S844 883 844 854 820 802 792 802 740 825 740 854ZM217 156H958C977 156 992 173 989 191L957 452C950 509 901 552 843 552H297L303 581C311 625 350 656 395 656H875C892 656 906 670 906 687S892 719 875 719H394C320 719 255 666 241 593L141 94H42C25 94 10 80 10 62S25 31 42 31H167C182 31 195 42 198 56L217 156ZM230 219L284 490H843C869 490 891 470 895 444L923 219H230ZM677 854C677 791 728 740 792 740S906 791 906 854 855 969 792 969 677 918 677 854ZM260 854C260 791 312 740 375 740S490 791 490 854 438 969 375 969 260 918 260 854ZM323 854C323 883 346 906 375 906S427 883 427 854 404 802 375 802 323 825 323 854Z\"><\/path><\/svg>\t\t\t\t\t<span class=\"elementor-screen-only\">Cart<\/span>\n\t\t\t\t<\/span>\n\t\t\t<\/a>\n\t\t<\/div>\n\t\t\t\t\t\t<\/div>\n\t\t\t\t\t<\/div> <!-- close elementor-menu-cart__wrapper -->\n\t\t\t\t\t\t<\/div>\n\t\t\t\t<\/div>\n\t\t\t\t<\/div>\n\t\t\t\t<\/div>\n\t\t\t\t\t<\/div>\n\t\t\t\t<\/div>\n\t\t<div class=\"elementor-element elementor-element-06f4505 elementor-hidden-desktop e-flex e-con-boxed e-con e-parent\" data-id=\"06f4505\" data-element_type=\"container\" data-e-type=\"container\">\n\t\t\t\t\t<div class=\"e-con-inner\">\n\t\t\t\t<div class=\"elementor-element elementor-element-0c6cf27 elementor-widget elementor-widget-text-editor\" data-id=\"0c6cf27\" data-element_type=\"widget\" data-e-type=\"widget\" data-widget_type=\"text-editor.default\">\n\t\t\t\t<div class=\"elementor-widget-container\">\n\t\t\t\t\t\t\t\t\t<p><strong>A PROPOS<\/strong><\/p><p>(USE)LESS est un jeu de mot s\u00e9mantique, la fusion entre utilit\u00e9 et utilisation.<\/p><p>C\u2019est une critique sur la place du v\u00eatement et son utilit\u00e9 dans la soci\u00e9t\u00e9.<\/p><p>Le but est d\u2019exprimer une vision responsable, ergonomique et pratique qui s\u2019adapte aux individus de fa\u00e7on totale.<\/p><p>A travers sa marque, Cyp souhaite s\u2019\u00e9manciper des r\u00e8gles et des normes afin de repousser les limites fix\u00e9es. Il remet en question les traditions dans le but d\u2019en \u00e9tablir de nouvelles, plus actuelles, plus adapt\u00e9es.<\/p><p>(USE)LESS, DO MORE.<\/p>\t\t\t\t\t\t\t\t<\/div>\n\t\t\t\t<\/div>\n\t\t\t\t\t<\/div>\n\t\t\t\t<\/div>\n\t\t<div class=\"elementor-element elementor-element-6013449 e-flex e-con-boxed e-con e-parent\" data-id=\"6013449\" data-element_type=\"container\" data-e-type=\"container\">\n\t\t\t\t\t<div class=\"e-con-inner\">\n\t\t\t\t<div class=\"elementor-element elementor-element-82bb5e2 elementor-hidden-desktop elementor-widget elementor-widget-image\" data-id=\"82bb5e2\" data-element_type=\"widget\" data-e-type=\"widget\" data-widget_type=\"image.default\">\n\t\t\t\t<div class=\"elementor-widget-container\">\n\t\t\t\t\t\t\t\t\t\t\t\t\t\t\t<img decoding=\"async\" src=\"https:\/\/use-less.fr\/wp-content\/uploads\/elementor\/thumbs\/PORTRAIT-scaled-qtmiu7pq73ys9pt02qxlske9z597vd7a66eqv851m8.jpg\" title=\"PORTRAIT\" alt=\"PORTRAIT\" loading=\"lazy\" \/>\t\t\t\t\t\t\t\t\t\t\t\t\t\t\t<\/div>\n\t\t\t\t<\/div>\n\t\t\t\t\t<\/div>\n\t\t\t\t<\/div>\n\t\t<div class=\"elementor-element elementor-element-74350f4 e-con-full elementor-hidden-tablet elementor-hidden-mobile e-flex e-con e-parent\" data-id=\"74350f4\" data-element_type=\"container\" data-e-type=\"container\">\n\t\t<div class=\"elementor-element elementor-element-cb6310b e-con-full e-flex e-con e-child\" data-id=\"cb6310b\" data-element_type=\"container\" data-e-type=\"container\">\n\t\t\t\t<div class=\"elementor-element elementor-element-dc1d8cc elementor-widget__width-inherit elementor-absolute elementor-widget elementor-widget-image\" data-id=\"dc1d8cc\" data-element_type=\"widget\" data-e-type=\"widget\" data-settings=\"{&quot;_position&quot;:&quot;absolute&quot;}\" data-widget_type=\"image.default\">\n\t\t\t\t<div class=\"elementor-widget-container\">\n\t\t\t\t\t\t\t\t\t\t\t\t\t\t\t<img fetchpriority=\"high\" decoding=\"async\" width=\"1443\" height=\"2560\" src=\"https:\/\/use-less.fr\/wp-content\/uploads\/2024\/09\/PORTRAIT-scaled.jpg\" class=\"attachment-full size-full wp-image-213\" alt=\"\" srcset=\"https:\/\/use-less.fr\/wp-content\/uploads\/2024\/09\/PORTRAIT-scaled.jpg 1443w, https:\/\/use-less.fr\/wp-content\/uploads\/2024\/09\/PORTRAIT-169x300.jpg 169w, https:\/\/use-less.fr\/wp-content\/uploads\/2024\/09\/PORTRAIT-577x1024.jpg 577w, https:\/\/use-less.fr\/wp-content\/uploads\/2024\/09\/PORTRAIT-768x1363.jpg 768w, https:\/\/use-less.fr\/wp-content\/uploads\/2024\/09\/PORTRAIT-866x1536.jpg 866w, https:\/\/use-less.fr\/wp-content\/uploads\/2024\/09\/PORTRAIT-1154x2048.jpg 1154w, https:\/\/use-less.fr\/wp-content\/uploads\/2024\/09\/PORTRAIT-600x1065.jpg 600w\" sizes=\"(max-width: 1443px) 100vw, 1443px\" \/>\t\t\t\t\t\t\t\t\t\t\t\t\t\t\t<\/div>\n\t\t\t\t<\/div>\n\t\t\t\t<\/div>\n\t\t<div class=\"elementor-element elementor-element-94c9b30 e-con-full e-flex e-con e-child\" data-id=\"94c9b30\" data-element_type=\"container\" data-e-type=\"container\">\n\t\t\t\t<div class=\"elementor-element elementor-element-4f15260 elementor-widget elementor-widget-image\" data-id=\"4f15260\" data-element_type=\"widget\" data-e-type=\"widget\" data-widget_type=\"image.default\">\n\t\t\t\t<div class=\"elementor-widget-container\">\n\t\t\t\t\t\t\t\t\t\t\t\t\t\t\t<img decoding=\"async\" width=\"1175\" height=\"697\" src=\"https:\/\/use-less.fr\/wp-content\/uploads\/2024\/10\/ABOUT-V2-1.png\" class=\"attachment-full size-full wp-image-905\" alt=\"\" srcset=\"https:\/\/use-less.fr\/wp-content\/uploads\/2024\/10\/ABOUT-V2-1.png 1175w, https:\/\/use-less.fr\/wp-content\/uploads\/2024\/10\/ABOUT-V2-1-300x178.png 300w, https:\/\/use-less.fr\/wp-content\/uploads\/2024\/10\/ABOUT-V2-1-1024x607.png 1024w, https:\/\/use-less.fr\/wp-content\/uploads\/2024\/10\/ABOUT-V2-1-768x456.png 768w, https:\/\/use-less.fr\/wp-content\/uploads\/2024\/10\/ABOUT-V2-1-600x356.png 600w\" sizes=\"(max-width: 1175px) 100vw, 1175px\" \/>\t\t\t\t\t\t\t\t\t\t\t\t\t\t\t<\/div>\n\t\t\t\t<\/div>\n\t\t\t\t<\/div>\n\t\t\t\t<\/div>\n\t\t\t\t<\/div>\n\t\t","protected":false},"excerpt":{"rendered":"<p>A PROPOS (USE)LESS est un jeu de mot s\u00e9mantique, la fusion entre utilit\u00e9 et utilisation. C\u2019est une critique sur la place du v\u00eatement et son utilit\u00e9 dans la soci\u00e9t\u00e9. Le but est d\u2019exprimer une vision responsable, ergonomique et pratique qui s\u2019adapte aux individus de fa\u00e7on totale. A travers sa marque, Cyp souhaite s\u2019\u00e9manciper des r\u00e8gles [&hellip;]<\/p>\n","protected":false},"author":1,"featured_media":0,"parent":0,"menu_order":0,"comment_status":"closed","ping_status":"closed","template":"","meta":{"footnotes":""},"class_list":["post-1356","page","type-page","status-publish","hentry"],"_links":{"self":[{"href":"https:\/\/use-less.fr\/index.php?rest_route=\/wp\/v2\/pages\/1356","targetHints":{"allow":["GET"]}}],"collection":[{"href":"https:\/\/use-less.fr\/index.php?rest_route=\/wp\/v2\/pages"}],"about":[{"href":"https:\/\/use-less.fr\/index.php?rest_route=\/wp\/v2\/types\/page"}],"author":[{"embeddable":true,"href":"https:\/\/use-less.fr\/index.php?rest_route=\/wp\/v2\/users\/1"}],"replies":[{"embeddable":true,"href":"https:\/\/use-less.fr\/index.php?rest_route=%2Fwp%2Fv2%2Fcomments&post=1356"}],"version-history":[{"count":5,"href":"https:\/\/use-less.fr\/index.php?rest_route=\/wp\/v2\/pages\/1356\/revisions"}],"predecessor-version":[{"id":1702,"href":"https:\/\/use-less.fr\/index.php?rest_route=\/wp\/v2\/pages\/1356\/revisions\/1702"}],"wp:attachment":[{"href":"https:\/\/use-less.fr\/index.php?rest_route=%2Fwp%2Fv2%2Fmedia&parent=1356"}],"curies":[{"name":"wp","href":"https:\/\/api.w.org\/{rel}","templated":true}]}}